{"id":25821,"date":"2024-01-25T07:53:22","date_gmt":"2024-01-25T07:53:22","guid":{"rendered":"https:\/\/cognos-international.com\/stellenanzeige\/"},"modified":"2024-10-28T12:35:03","modified_gmt":"2024-10-28T12:35:03","slug":"annonce-demploi","status":"publish","type":"page","link":"https:\/\/cognos-international.com\/fr\/annonce-demploi\/","title":{"rendered":"Annonce d&#8217;emploi"},"content":{"rendered":"\t\t<div data-elementor-type=\"wp-page\" data-elementor-id=\"25821\" class=\"elementor elementor-25821 elementor-20389\">\n\t\t\t\t\t\t<section class=\"elementor-section elementor-top-section elementor-element elementor-element-56ea5d67 elementor-section-height-full elementor-section-items-stretch elementor-section-boxed elementor-section-height-default\" data-id=\"56ea5d67\" data-element_type=\"section\" data-e-type=\"section\" data-settings=\"{&quot;background_background&quot;:&quot;classic&quot;,&quot;animation&quot;:&quot;none&quot;}\">\n\t\t\t\t\t\t\t<div class=\"elementor-background-overlay\"><\/div>\n\t\t\t\t\t\t\t<div class=\"elementor-container elementor-column-gap-default\">\n\t\t\t\t\t<div class=\"elementor-column elementor-col-100 elementor-top-column elementor-element elementor-element-64ede07b\" data-id=\"64ede07b\" data-element_type=\"column\" data-e-type=\"column\">\n\t\t\t<div class=\"elementor-widget-wrap elementor-element-populated\">\n\t\t\t\t\t\t<div class=\"elementor-element elementor-element-64cd761 elementor-hidden-desktop elementor-hidden-tablet elementor-widget elementor-widget-spacer\" data-id=\"64cd761\" data-element_type=\"widget\" data-e-type=\"widget\" data-widget_type=\"spacer.default\">\n\t\t\t\t<div class=\"elementor-widget-container\">\n\t\t\t\t\t\t\t<div class=\"elementor-spacer\">\n\t\t\t<div class=\"elementor-spacer-inner\"><\/div>\n\t\t<\/div>\n\t\t\t\t\t\t<\/div>\n\t\t\t\t<\/div>\n\t\t\t\t<div data-parallax=\"true\" data-parallax-options=\"{&quot;ease&quot;:[&quot;linear&quot;],&quot;start&quot;:&quot;top bottom&quot;,&quot;end&quot;:&quot;bottom+=0px top&quot;}\" data-parallax-from=\"{&quot;transformOrigin&quot;:&quot;50% 50% 0px&quot;}\" data-parallax-to=\"{&quot;transformOrigin&quot;:&quot;50% 50% 0px&quot;}\" class=\"elementor-element elementor-element-6bed69bb elementor-widget elementor-widget-hub_fancy_heading\" data-id=\"6bed69bb\" data-element_type=\"widget\" data-e-type=\"widget\" data-widget_type=\"hub_fancy_heading.default\">\n\t\t\t\t<div class=\"elementor-widget-container\">\n\t\t\t\t\t\n\t\t<div id=\"ld-fancy-heading-69ef355ed6163\" class=\"ld-fancy-heading pos-rel\">\n\t\t\t<h1 class=\"ld-fh-element d-inline-block pos-rel  elementor-heading-title ws-nowrap lqd-highlight-custom lqd-highlight-custom-1 h1\"  > Jobs - COGNOS International<\/h1>\t\t<\/div>\n\n\t\t\t\t\t\t<\/div>\n\t\t\t\t<\/div>\n\t\t\t\t<div class=\"elementor-element elementor-element-4b3fb41 elementor-widget elementor-widget-hub_fancy_heading\" data-id=\"4b3fb41\" data-element_type=\"widget\" data-e-type=\"widget\" data-widget_type=\"hub_fancy_heading.default\">\n\t\t\t\t<div class=\"elementor-widget-container\">\n\t\t\t\t\t\n\t\t<div id=\"ld-fancy-heading-69ef355ed6e55\" class=\"ld-fancy-heading pos-rel\">\n\t\t\t<h2 class=\"ld-fh-element d-inline-block pos-rel  elementor-heading-title lqd-highlight-classic lqd-highlight-grow-left h2\"  > Rejoins notre \u00e9quipe<\/h2>\t\t<\/div>\n\n\t\t\t\t\t\t<\/div>\n\t\t\t\t<\/div>\n\t\t\t\t\t<\/div>\n\t\t<\/div>\n\t\t\t\t\t<\/div>\n\t\t<\/section>\n\t\t\t\t<section class=\"elementor-section elementor-top-section elementor-element elementor-element-7ee544d7 elementor-section-content-middle elementor-reverse-mobile elementor-section-boxed elementor-section-height-default elementor-section-height-default\" data-id=\"7ee544d7\" data-element_type=\"section\" data-e-type=\"section\">\n\t\t\t\t\t\t<div class=\"elementor-container elementor-column-gap-extended\">\n\t\t\t\t\t<div class=\"elementor-column elementor-col-50 elementor-top-column elementor-element elementor-element-6be14ae6\" data-id=\"6be14ae6\" data-element_type=\"column\" data-e-type=\"column\">\n\t\t\t<div class=\"elementor-widget-wrap elementor-element-populated\">\n\t\t\t\t\t\t<div class=\"elementor-element elementor-element-68cf5d0b elementor-widget elementor-widget-hub_fancy_heading\" data-id=\"68cf5d0b\" data-element_type=\"widget\" data-e-type=\"widget\" data-widget_type=\"hub_fancy_heading.default\">\n\t\t\t\t<div class=\"elementor-widget-container\">\n\t\t\t\t\t\n\t\t<div id=\"ld-fancy-heading-69ef355ed799f\" class=\"ld-fancy-heading pos-rel\">\n\t\t\t<h2 class=\"ld-fh-element d-inline-block pos-rel  elementor-heading-title lqd-highlight-classic lqd-highlight-grow-left h2\"  > Offres d'emploi<\/h2>\t\t<\/div>\n\n\t\t\t\t\t\t<\/div>\n\t\t\t\t<\/div>\n\t\t\t\t<div class=\"elementor-element elementor-element-3eaa8ff1 elementor-widget elementor-widget-hub_fancy_heading\" data-id=\"3eaa8ff1\" data-element_type=\"widget\" data-e-type=\"widget\" data-widget_type=\"hub_fancy_heading.default\">\n\t\t\t\t<div class=\"elementor-widget-container\">\n\t\t\t\t\t\n\t\t<div id=\"ld-fancy-heading-69ef355ed84cf\" class=\"ld-fancy-heading pos-rel\">\n\t\t\t<p class=\"ld-fh-element d-inline-block pos-rel  lqd-highlight-classic lqd-highlight-grow-left p\"  > Vous trouverez nos offres d'emploi actuelles <b>\u21d2 <\/b><a href=\"https:\/\/www.linkedin.com\/company\/cognos-international-gmbh\"><b><u>ici<\/u><\/b>.<\/a><br><br>En outre, nous sommes toujours int\u00e9ress\u00e9s de rencontrer de nouveaux collaborateurs\/trices potentiel(le)s.<br><br>Vous parlez couramment l'anglais et peut-\u00eatre m\u00eame d'autres langues ?\n<br><br><strong>Alors envoyez votre candidature spontan\u00e9e \u00e0 :<\/strong><br>COGNOS International GmbH<br>Kronengasse 21 <br>50667 K\u00f6ln<br>info@cognos-international.de<br><br>\n<strong>TFormateurs\/formatrices \/ Expert(e)s : \n<\/strong>nous d\u00e9veloppons r\u00e9guli\u00e8rement notre r\u00e9seau international.<b><br><br>Si vous \u00eates int\u00e9ress\u00e9(e) et souhaiter mener \u00e0 bien des projets avec nous, envoyez-nous votre CV \u00e0 :  <br>info@cognos-international.de<\/p>\t\t<\/div>\n\n\t\t\t\t\t\t<\/div>\n\t\t\t\t<\/div>\n\t\t\t\t\t<\/div>\n\t\t<\/div>\n\t\t\t\t<div class=\"elementor-column elementor-col-50 elementor-top-column elementor-element elementor-element-a9e9ddb\" data-id=\"a9e9ddb\" data-element_type=\"column\" data-e-type=\"column\">\n\t\t\t<div class=\"elementor-widget-wrap elementor-element-populated\">\n\t\t\t\t\t\t<div class=\"elementor-element elementor-element-3cfddb2a elementor-widget elementor-widget-ld_fancy_image\" data-id=\"3cfddb2a\" data-element_type=\"widget\" data-e-type=\"widget\" data-widget_type=\"ld_fancy_image.default\">\n\t\t\t\t<div class=\"elementor-widget-container\">\n\t\t\t\t\t\n\t\t<div class=\"lqd-imggrp-single d-block pos-rel perspective\" data-hover3d=\"true\">\n\t\t\t<div class=\"lqd-imggrp-img-container d-inline-flex pos-rel align-items-center justify-content-center transform-style-3d\">\n\t\t\t\t\t\t\t\t<figure class=\"w-100 pos-rel\" data-stacking-factor=\"1\">\n\t\t\t\t\t<img fetchpriority=\"high\" decoding=\"async\" width=\"1920\" height=\"1080\" src=\"https:\/\/cognos-international.com\/wp-content\/uploads\/2024\/01\/cognos-stellenanzeige.jpg\" class=\"attachment-full size-full wp-image-20394\" alt=\"COGNOS International, Stellenanzeige\" srcset=\"https:\/\/cognos-international.com\/wp-content\/uploads\/2024\/01\/cognos-stellenanzeige.jpg 1920w, https:\/\/cognos-international.com\/wp-content\/uploads\/2024\/01\/cognos-stellenanzeige-300x169.jpg 300w, https:\/\/cognos-international.com\/wp-content\/uploads\/2024\/01\/cognos-stellenanzeige-1024x576.jpg 1024w, https:\/\/cognos-international.com\/wp-content\/uploads\/2024\/01\/cognos-stellenanzeige-1536x864.jpg 1536w\" sizes=\"(max-width: 1920px) 100vw, 1920px\" itemprop=\"image\" \/>\t\t\t\t\t\t\t\t\t\t\t\t\t\t\t\t\t\t\t\t\t\t\t\t\t\t\t\t\t<\/figure>\n\t\t\t<\/div>\n\t\t<\/div>\n\n\t\t\t\t\t<\/div>\n\t\t\t\t<\/div>\n\t\t\t\t\t<\/div>\n\t\t<\/div>\n\t\t\t\t\t<\/div>\n\t\t<\/section>\n\t\t\t\t<\/div>\n\t\t","protected":false},"excerpt":{"rendered":"<p>Jobs &#8211; COGNOS International Rejoins notre \u00e9quipe Offres d&#8217;emploi Vous trouverez nos offres d&#8217;emploi actuelles \u21d2 ici. En outre, nous sommes toujours int\u00e9ress\u00e9s de rencontrer de nouveaux collaborateurs\/trices potentiel(le)s. Vous parlez couramment l&rsquo;anglais et peut-\u00eatre m\u00eame d&rsquo;autres langues ? Alors envoyez votre candidature spontan\u00e9e \u00e0 :COGNOS International GmbHKronengasse 21 50667 K\u00f6lninfo@cognos-international.de TFormateurs\/formatrices \/ Expert(e)s : [&hellip;]<\/p>\n","protected":false},"author":1,"featured_media":20396,"parent":0,"menu_order":0,"comment_status":"closed","ping_status":"closed","template":"","meta":{"footnotes":""},"class_list":["post-25821","page","type-page","status-publish","has-post-thumbnail","hentry"],"yoast_head":"<!-- This site is optimized with the Yoast SEO plugin v27.4 - https:\/\/yoast.com\/product\/yoast-seo-wordpress\/ -->\n<title>Annonce d&#039;emploi | COGNOS, Cologne et Hambourg<\/title>\n<meta name=\"description\" content=\"Annonce d&#039;emploi - COGNOS International. Envoyez votre candidature spontan\u00e9e \u00e0 : COGNOS International GmbH, info@cognos-international.de.\" \/>\n<meta name=\"robots\" content=\"index, follow, max-snippet:-1, max-image-preview:large, max-video-preview:-1\" \/>\n<link rel=\"canonical\" href=\"https:\/\/cognos-international.com\/fr\/annonce-demploi\/\" \/>\n<meta property=\"og:locale\" content=\"fr_FR\" \/>\n<meta property=\"og:type\" content=\"article\" \/>\n<meta property=\"og:title\" content=\"Annonce d&#039;emploi | COGNOS, Cologne et Hambourg\" \/>\n<meta property=\"og:description\" content=\"Annonce d&#039;emploi - COGNOS International. Envoyez votre candidature spontan\u00e9e \u00e0 : COGNOS International GmbH, info@cognos-international.de.\" \/>\n<meta property=\"og:url\" content=\"https:\/\/cognos-international.com\/fr\/annonce-demploi\/\" \/>\n<meta property=\"og:site_name\" content=\"COGNOS International GmbH\" \/>\n<meta property=\"article:publisher\" content=\"https:\/\/www.facebook.com\/cognosint1\/\" \/>\n<meta property=\"article:modified_time\" content=\"2024-10-28T12:35:03+00:00\" \/>\n<meta property=\"og:image\" content=\"https:\/\/cognos-international.com\/wp-content\/uploads\/2024\/01\/cognos-stellenanzeige.jpg\" \/>\n\t<meta property=\"og:image:width\" content=\"1920\" \/>\n\t<meta property=\"og:image:height\" content=\"1080\" \/>\n\t<meta property=\"og:image:type\" content=\"image\/jpeg\" \/>\n<meta name=\"twitter:card\" content=\"summary_large_image\" \/>\n<meta name=\"twitter:site\" content=\"@cognosinternat1\" \/>\n<meta name=\"twitter:label1\" content=\"Dur\u00e9e de lecture estim\u00e9e\" \/>\n\t<meta name=\"twitter:data1\" content=\"1 minute\" \/>\n<script type=\"application\/ld+json\" class=\"yoast-schema-graph\">{\"@context\":\"https:\\\/\\\/schema.org\",\"@graph\":[{\"@type\":\"WebPage\",\"@id\":\"https:\\\/\\\/cognos-international.com\\\/fr\\\/annonce-demploi\\\/\",\"url\":\"https:\\\/\\\/cognos-international.com\\\/fr\\\/annonce-demploi\\\/\",\"name\":\"Annonce d'emploi | COGNOS, Cologne et Hambourg\",\"isPartOf\":{\"@id\":\"https:\\\/\\\/cognos-international.com\\\/#website\"},\"primaryImageOfPage\":{\"@id\":\"https:\\\/\\\/cognos-international.com\\\/fr\\\/annonce-demploi\\\/#primaryimage\"},\"image\":{\"@id\":\"https:\\\/\\\/cognos-international.com\\\/fr\\\/annonce-demploi\\\/#primaryimage\"},\"thumbnailUrl\":\"https:\\\/\\\/cognos-international.com\\\/wp-content\\\/uploads\\\/2024\\\/01\\\/cognos-stellenanzeige.jpg\",\"datePublished\":\"2024-01-25T07:53:22+00:00\",\"dateModified\":\"2024-10-28T12:35:03+00:00\",\"description\":\"Annonce d'emploi - COGNOS International. Envoyez votre candidature spontan\u00e9e \u00e0 : COGNOS International GmbH, info@cognos-international.de.\",\"breadcrumb\":{\"@id\":\"https:\\\/\\\/cognos-international.com\\\/fr\\\/annonce-demploi\\\/#breadcrumb\"},\"inLanguage\":\"fr-FR\",\"potentialAction\":[{\"@type\":\"ReadAction\",\"target\":[\"https:\\\/\\\/cognos-international.com\\\/fr\\\/annonce-demploi\\\/\"]}]},{\"@type\":\"ImageObject\",\"inLanguage\":\"fr-FR\",\"@id\":\"https:\\\/\\\/cognos-international.com\\\/fr\\\/annonce-demploi\\\/#primaryimage\",\"url\":\"https:\\\/\\\/cognos-international.com\\\/wp-content\\\/uploads\\\/2024\\\/01\\\/cognos-stellenanzeige.jpg\",\"contentUrl\":\"https:\\\/\\\/cognos-international.com\\\/wp-content\\\/uploads\\\/2024\\\/01\\\/cognos-stellenanzeige.jpg\",\"width\":1920,\"height\":1080,\"caption\":\"COGNOS International, Stellenanzeige\"},{\"@type\":\"BreadcrumbList\",\"@id\":\"https:\\\/\\\/cognos-international.com\\\/fr\\\/annonce-demploi\\\/#breadcrumb\",\"itemListElement\":[{\"@type\":\"ListItem\",\"position\":1,\"name\":\"Startseite\",\"item\":\"https:\\\/\\\/cognos-international.com\\\/\"},{\"@type\":\"ListItem\",\"position\":2,\"name\":\"Annonce d&#8217;emploi\"}]},{\"@type\":\"WebSite\",\"@id\":\"https:\\\/\\\/cognos-international.com\\\/#website\",\"url\":\"https:\\\/\\\/cognos-international.com\\\/\",\"name\":\"COGNOS International GmbH\",\"description\":\"Die COGNOS International ist Teil der COGNOS AG \u2013 eines der gr\u00f6\u00dften privaten und unabh\u00e4ngigen Bildungsunternehmen in Deutschland.\",\"publisher\":{\"@id\":\"https:\\\/\\\/cognos-international.com\\\/#organization\"},\"alternateName\":\"COGNOS International GmbH\",\"potentialAction\":[{\"@type\":\"SearchAction\",\"target\":{\"@type\":\"EntryPoint\",\"urlTemplate\":\"https:\\\/\\\/cognos-international.com\\\/?s={search_term_string}\"},\"query-input\":{\"@type\":\"PropertyValueSpecification\",\"valueRequired\":true,\"valueName\":\"search_term_string\"}}],\"inLanguage\":\"fr-FR\"},{\"@type\":\"Organization\",\"@id\":\"https:\\\/\\\/cognos-international.com\\\/#organization\",\"name\":\"COGNOS International GmbH\",\"alternateName\":\"COGNOS International GmbH\",\"url\":\"https:\\\/\\\/cognos-international.com\\\/\",\"logo\":{\"@type\":\"ImageObject\",\"inLanguage\":\"fr-FR\",\"@id\":\"https:\\\/\\\/cognos-international.com\\\/#\\\/schema\\\/logo\\\/image\\\/\",\"url\":\"https:\\\/\\\/cognos-international.com\\\/wp-content\\\/uploads\\\/2021\\\/11\\\/cropped-cognos-512.png\",\"contentUrl\":\"https:\\\/\\\/cognos-international.com\\\/wp-content\\\/uploads\\\/2021\\\/11\\\/cropped-cognos-512.png\",\"width\":512,\"height\":512,\"caption\":\"COGNOS International GmbH\"},\"image\":{\"@id\":\"https:\\\/\\\/cognos-international.com\\\/#\\\/schema\\\/logo\\\/image\\\/\"},\"sameAs\":[\"https:\\\/\\\/www.facebook.com\\\/cognosint1\\\/\",\"https:\\\/\\\/x.com\\\/cognosinternat1\",\"https:\\\/\\\/www.instagram.com\\\/cognos_international\\\/\",\"https:\\\/\\\/www.linkedin.com\\\/company\\\/cognos-international-gmbh\"]}]}<\/script>\n<!-- \/ Yoast SEO plugin. -->","yoast_head_json":{"title":"Annonce d'emploi | COGNOS, Cologne et Hambourg","description":"Annonce d'emploi - COGNOS International. Envoyez votre candidature spontan\u00e9e \u00e0 : COGNOS International GmbH, info@cognos-international.de.","robots":{"index":"index","follow":"follow","max-snippet":"max-snippet:-1","max-image-preview":"max-image-preview:large","max-video-preview":"max-video-preview:-1"},"canonical":"https:\/\/cognos-international.com\/fr\/annonce-demploi\/","og_locale":"fr_FR","og_type":"article","og_title":"Annonce d'emploi | COGNOS, Cologne et Hambourg","og_description":"Annonce d'emploi - COGNOS International. Envoyez votre candidature spontan\u00e9e \u00e0 : COGNOS International GmbH, info@cognos-international.de.","og_url":"https:\/\/cognos-international.com\/fr\/annonce-demploi\/","og_site_name":"COGNOS International GmbH","article_publisher":"https:\/\/www.facebook.com\/cognosint1\/","article_modified_time":"2024-10-28T12:35:03+00:00","og_image":[{"width":1920,"height":1080,"url":"https:\/\/cognos-international.com\/wp-content\/uploads\/2024\/01\/cognos-stellenanzeige.jpg","type":"image\/jpeg"}],"twitter_card":"summary_large_image","twitter_site":"@cognosinternat1","twitter_misc":{"Dur\u00e9e de lecture estim\u00e9e":"1 minute"},"schema":{"@context":"https:\/\/schema.org","@graph":[{"@type":"WebPage","@id":"https:\/\/cognos-international.com\/fr\/annonce-demploi\/","url":"https:\/\/cognos-international.com\/fr\/annonce-demploi\/","name":"Annonce d'emploi | COGNOS, Cologne et Hambourg","isPartOf":{"@id":"https:\/\/cognos-international.com\/#website"},"primaryImageOfPage":{"@id":"https:\/\/cognos-international.com\/fr\/annonce-demploi\/#primaryimage"},"image":{"@id":"https:\/\/cognos-international.com\/fr\/annonce-demploi\/#primaryimage"},"thumbnailUrl":"https:\/\/cognos-international.com\/wp-content\/uploads\/2024\/01\/cognos-stellenanzeige.jpg","datePublished":"2024-01-25T07:53:22+00:00","dateModified":"2024-10-28T12:35:03+00:00","description":"Annonce d'emploi - COGNOS International. Envoyez votre candidature spontan\u00e9e \u00e0 : COGNOS International GmbH, info@cognos-international.de.","breadcrumb":{"@id":"https:\/\/cognos-international.com\/fr\/annonce-demploi\/#breadcrumb"},"inLanguage":"fr-FR","potentialAction":[{"@type":"ReadAction","target":["https:\/\/cognos-international.com\/fr\/annonce-demploi\/"]}]},{"@type":"ImageObject","inLanguage":"fr-FR","@id":"https:\/\/cognos-international.com\/fr\/annonce-demploi\/#primaryimage","url":"https:\/\/cognos-international.com\/wp-content\/uploads\/2024\/01\/cognos-stellenanzeige.jpg","contentUrl":"https:\/\/cognos-international.com\/wp-content\/uploads\/2024\/01\/cognos-stellenanzeige.jpg","width":1920,"height":1080,"caption":"COGNOS International, Stellenanzeige"},{"@type":"BreadcrumbList","@id":"https:\/\/cognos-international.com\/fr\/annonce-demploi\/#breadcrumb","itemListElement":[{"@type":"ListItem","position":1,"name":"Startseite","item":"https:\/\/cognos-international.com\/"},{"@type":"ListItem","position":2,"name":"Annonce d&#8217;emploi"}]},{"@type":"WebSite","@id":"https:\/\/cognos-international.com\/#website","url":"https:\/\/cognos-international.com\/","name":"COGNOS International GmbH","description":"Die COGNOS International ist Teil der COGNOS AG \u2013 eines der gr\u00f6\u00dften privaten und unabh\u00e4ngigen Bildungsunternehmen in Deutschland.","publisher":{"@id":"https:\/\/cognos-international.com\/#organization"},"alternateName":"COGNOS International GmbH","potentialAction":[{"@type":"SearchAction","target":{"@type":"EntryPoint","urlTemplate":"https:\/\/cognos-international.com\/?s={search_term_string}"},"query-input":{"@type":"PropertyValueSpecification","valueRequired":true,"valueName":"search_term_string"}}],"inLanguage":"fr-FR"},{"@type":"Organization","@id":"https:\/\/cognos-international.com\/#organization","name":"COGNOS International GmbH","alternateName":"COGNOS International GmbH","url":"https:\/\/cognos-international.com\/","logo":{"@type":"ImageObject","inLanguage":"fr-FR","@id":"https:\/\/cognos-international.com\/#\/schema\/logo\/image\/","url":"https:\/\/cognos-international.com\/wp-content\/uploads\/2021\/11\/cropped-cognos-512.png","contentUrl":"https:\/\/cognos-international.com\/wp-content\/uploads\/2021\/11\/cropped-cognos-512.png","width":512,"height":512,"caption":"COGNOS International GmbH"},"image":{"@id":"https:\/\/cognos-international.com\/#\/schema\/logo\/image\/"},"sameAs":["https:\/\/www.facebook.com\/cognosint1\/","https:\/\/x.com\/cognosinternat1","https:\/\/www.instagram.com\/cognos_international\/","https:\/\/www.linkedin.com\/company\/cognos-international-gmbh"]}]}},"_links":{"self":[{"href":"https:\/\/cognos-international.com\/fr\/wp-json\/wp\/v2\/pages\/25821","targetHints":{"allow":["GET"]}}],"collection":[{"href":"https:\/\/cognos-international.com\/fr\/wp-json\/wp\/v2\/pages"}],"about":[{"href":"https:\/\/cognos-international.com\/fr\/wp-json\/wp\/v2\/types\/page"}],"author":[{"embeddable":true,"href":"https:\/\/cognos-international.com\/fr\/wp-json\/wp\/v2\/users\/1"}],"replies":[{"embeddable":true,"href":"https:\/\/cognos-international.com\/fr\/wp-json\/wp\/v2\/comments?post=25821"}],"version-history":[{"count":0,"href":"https:\/\/cognos-international.com\/fr\/wp-json\/wp\/v2\/pages\/25821\/revisions"}],"wp:featuredmedia":[{"embeddable":true,"href":"https:\/\/cognos-international.com\/fr\/wp-json\/wp\/v2\/media\/20396"}],"wp:attachment":[{"href":"https:\/\/cognos-international.com\/fr\/wp-json\/wp\/v2\/media?parent=25821"}],"curies":[{"name":"wp","href":"https:\/\/api.w.org\/{rel}","templated":true}]}}