{"id":12488,"date":"2022-02-06T11:09:02","date_gmt":"2022-02-06T11:09:02","guid":{"rendered":"http:\/\/s888625058.online.de\/impressum\/"},"modified":"2025-07-24T09:45:04","modified_gmt":"2025-07-24T09:45:04","slug":"imprimer","status":"publish","type":"page","link":"https:\/\/cognos-international.com\/fr\/imprimer\/","title":{"rendered":"Imprimer"},"content":{"rendered":"\t\t<div data-elementor-type=\"wp-page\" data-elementor-id=\"12488\" class=\"elementor elementor-12488 elementor-11782\">\n\t\t\t\t\t\t<section class=\"elementor-section elementor-top-section elementor-element elementor-element-56ea5d67 elementor-section-height-min-height elementor-section-items-stretch elementor-hidden-mobile elementor-section-boxed elementor-section-height-default\" data-id=\"56ea5d67\" data-element_type=\"section\" data-e-type=\"section\" data-settings=\"{&quot;background_background&quot;:&quot;classic&quot;}\">\n\t\t\t\t\t\t\t<div class=\"elementor-background-overlay\"><\/div>\n\t\t\t\t\t\t\t<div class=\"elementor-container elementor-column-gap-default\">\n\t\t\t\t\t<div data-custom-animations=\"true\" data-ca-options=\"{&quot;addChildTimelines&quot;:false,&quot;trigger&quot;:&quot;firstChild&quot;,&quot;animationTarget&quot;:&quot;:scope &gt; .elementor-widget-wrap &gt; .elementor-element &gt; .elementor-widget-container, :scope &gt; .elementor-widget-wrap &gt; .elementor-section &gt; .elementor-container &gt; .elementor-column &gt; .elementor-widget-wrap &gt; .elementor-element:not(.lqd-el-has-inner-anim) &gt; .elementor-widget-container, :scope &gt; .elementor-widget-wrap &gt; .elementor-widget-hub_fancy_heading .lqd-split-lines .lqd-lines .split-inner, :scope &gt; .elementor-widget-wrap &gt; .elementor-widget-hub_fancy_heading .lqd-split-words .lqd-words .split-inner, :scope &gt; .elementor-widget-wrap &gt; .elementor-widget-hub_fancy_heading .lqd-split-chars .lqd-chars .split-inner, :scope &gt; .elementor-widget-wrap &gt; .elementor-widget-ld_custom_menu .lqd-fancy-menu &gt; ul &gt; li&quot;,&quot;ease&quot;:[&quot;power4.out&quot;],&quot;initValues&quot;:{&quot;y&quot;:&quot;50px&quot;,&quot;opacity&quot;:0,&quot;transformOrigin&quot;:&quot;50% 50% 0px&quot;},&quot;animations&quot;:{&quot;y&quot;:&quot;0px&quot;,&quot;opacity&quot;:1,&quot;transformOrigin&quot;:&quot;50% 50% 0px&quot;}}\" class=\"elementor-column elementor-col-100 elementor-top-column elementor-element elementor-element-64ede07b\" data-id=\"64ede07b\" data-element_type=\"column\" data-e-type=\"column\">\n\t\t\t<div class=\"elementor-widget-wrap elementor-element-populated\">\n\t\t\t\t\t\t<div class=\"elementor-element elementor-element-51e2c4f elementor-widget elementor-widget-spacer\" data-id=\"51e2c4f\" data-element_type=\"widget\" data-e-type=\"widget\" data-widget_type=\"spacer.default\">\n\t\t\t\t<div class=\"elementor-widget-container\">\n\t\t\t\t\t\t\t<div class=\"elementor-spacer\">\n\t\t\t<div class=\"elementor-spacer-inner\"><\/div>\n\t\t<\/div>\n\t\t\t\t\t\t<\/div>\n\t\t\t\t<\/div>\n\t\t\t\t<div data-parallax=\"true\" data-parallax-options=\"{&quot;ease&quot;:[&quot;linear&quot;],&quot;start&quot;:&quot;top bottom&quot;,&quot;end&quot;:&quot;bottom+=0px top&quot;}\" data-parallax-from=\"{&quot;transformOrigin&quot;:&quot;50% 50% 0px&quot;}\" data-parallax-to=\"{&quot;transformOrigin&quot;:&quot;50% 50% 0px&quot;}\" class=\"elementor-element elementor-element-6bed69bb elementor-widget elementor-widget-hub_fancy_heading\" data-id=\"6bed69bb\" data-element_type=\"widget\" data-e-type=\"widget\" data-widget_type=\"hub_fancy_heading.default\">\n\t\t\t\t<div class=\"elementor-widget-container\">\n\t\t\t\t\t\n\t\t<div id=\"ld-fancy-heading-69ea40b59ca7c\" class=\"ld-fancy-heading pos-rel\">\n\t\t\t<h1 class=\"ld-fh-element d-inline-block pos-rel  elementor-heading-title ws-nowrap lqd-highlight-custom lqd-highlight-custom-1 h1\"  > Imprimer<\/h1>\t\t<\/div>\n\n\t\t\t\t\t\t<\/div>\n\t\t\t\t<\/div>\n\t\t\t\t\t<\/div>\n\t\t<\/div>\n\t\t\t\t\t<\/div>\n\t\t<\/section>\n\t\t\t\t<section class=\"elementor-section elementor-top-section elementor-element elementor-element-ce69a60 elementor-section-boxed elementor-section-height-default elementor-section-height-default\" data-id=\"ce69a60\" data-element_type=\"section\" data-e-type=\"section\">\n\t\t\t\t\t\t<div class=\"elementor-container elementor-column-gap-default\">\n\t\t\t\t\t<div class=\"elementor-column elementor-col-100 elementor-top-column elementor-element elementor-element-6506214\" data-id=\"6506214\" data-element_type=\"column\" data-e-type=\"column\">\n\t\t\t<div class=\"elementor-widget-wrap elementor-element-populated\">\n\t\t\t\t\t\t<div class=\"elementor-element elementor-element-5d55e685 elementor-widget elementor-widget-hub_fancy_heading\" data-id=\"5d55e685\" data-element_type=\"widget\" data-e-type=\"widget\" data-widget_type=\"hub_fancy_heading.default\">\n\t\t\t\t<div class=\"elementor-widget-container\">\n\t\t\t\t\t\n\t\t<div id=\"ld-fancy-heading-69ea40b59da06\" class=\"ld-fancy-heading pos-rel\">\n\t\t\t<h1 class=\"ld-fh-element d-inline-block pos-rel  elementor-heading-title lqd-highlight-classic lqd-highlight-grow-left h1\"  > Mentions l\u00e9gales <br>COGNOS International GmbH<\/h1>\t\t<\/div>\n\n\t\t\t\t\t\t<\/div>\n\t\t\t\t<\/div>\n\t\t\t\t<div class=\"elementor-element elementor-element-d462448 elementor-widget elementor-widget-text-editor\" data-id=\"d462448\" data-element_type=\"widget\" data-e-type=\"widget\" data-widget_type=\"text-editor.default\">\n\t\t\t\t<div class=\"elementor-widget-container\">\n\t\t\t\t\t\t\t\t\t<p><strong>Informations conformes au \u00a7 5 de la loi sur les t\u00e9l\u00e9m\u00e9dias :<\/strong><br \/>COGNOS International GmbH<\/p><p><strong>Adresse postale :<\/strong><br \/>Kronengasse 21<br \/>50667 Cologne<\/p><p><strong>contact:<\/strong><br \/>Tel: 0221 921512 801<br \/>E-Mail: info@cognos-international.de<\/p><p><strong>Repr\u00e9sent\u00e9 par :<\/strong><br \/>Directeur g\u00e9n\u00e9ral : Dr. Matthias Afting, CEO \/ Directeur Executif<\/p><p><strong>Enregistr\u00e9 au:<\/strong><br \/>Tribunal d&rsquo;instance de D\u00fcsseldorf<br \/>N\u00b0 d&rsquo;immatriculation : HRB 87608<\/p><p><strong>Num\u00e9ro d&rsquo;identification de la taxe sur le chiffre d&rsquo;affaires<\/strong><br \/>DE118517694<\/p><p><strong>Remarques sur le site web<\/strong><br \/><strong>Mentions relatives aux droits d&rsquo;auteur<\/strong><\/p><p>Mat\u00e9riel d&rsquo;image : <br \/><a href=\"https:\/\/cognos-international.com\/impressum\/\">Lien vers l&rsquo;aper\u00e7u de l&rsquo;image et les droits d&rsquo;auteur<\/a><\/p><p><strong>Responsable du contenu conform\u00e9ment au \u00a7 18 Abs. 2 MStV<\/strong><br \/>Dr. Matthias Afting<br \/>(voir adresse ci-dessus)<\/p><p><strong>Un avis :<\/strong><br \/>Nous ne sommes ni oblig\u00e9s ni dispos\u00e9s \u00e0 participer \u00e0 une proc\u00e9dure de r\u00e9solution des litiges devant un conseil d&rsquo;arbitrage des consommateurs.<\/p><hr \/><p><strong>\u00a0<br \/><\/strong><strong>Responsabilit\u00e9 pour le contenu<\/strong><br \/>En tant que prestataire de services, nous sommes, conform\u00e9ment au \u00a7 7 alin\u00e9a 1 de la loi allemande sur les t\u00e9l\u00e9m\u00e9dias (TMG), responsables de nos propres contenus sur ces pages selon les lois en vigueur.<br \/>responsabilit\u00e9 selon les lois g\u00e9n\u00e9rales. Conform\u00e9ment aux \u00a7\u00a7 8 \u00e0 10 de la TMG, nous ne sommes toutefois pas tenus, en tant que prestataire de services<br \/>Nous sommes tenus de surveiller les informations transmises ou stock\u00e9es par des tiers ou de rechercher des circonstances<br \/>de rechercher les indices d&rsquo;une activit\u00e9 ill\u00e9gale.<br \/>Les obligations de supprimer ou de bloquer l&rsquo;utilisation d&rsquo;informations selon les lois g\u00e9n\u00e9rales<br \/>ne sont pas affect\u00e9es par cette disposition. Une responsabilit\u00e9 \u00e0 cet \u00e9gard n&rsquo;est toutefois possible qu&rsquo;\u00e0 partir du moment de la prise de connaissance d&rsquo;une infraction.<br \/>connaissance d&rsquo;une violation concr\u00e8te de la loi. D\u00e8s la prise de connaissance de tels contenus, nous<br \/>nous supprimerons imm\u00e9diatement ces contenus.<\/p><p><strong>Responsabilit\u00e9 pour les liens<\/strong><br \/>Notre offre contient des liens vers des sites Internet externes de tiers, sur lesquels nous n&rsquo;avons aucune influence.<br \/>C&rsquo;est pourquoi nous ne pouvons pas non plus nous porter garants de ces contenus externes. Les contenus des sites<br \/>Les pages li\u00e9es sont toujours sous la responsabilit\u00e9 du fournisseur ou de l&rsquo;exploitant de ces pages. Les sites li\u00e9s<br \/>ont \u00e9t\u00e9 v\u00e9rifi\u00e9s au moment de la cr\u00e9ation du lien afin de s&rsquo;assurer qu&rsquo;ils n&rsquo;enfreignaient pas la loi. Les sites ill\u00e9gaux<br \/>Aucun contenu illicite n&rsquo;a \u00e9t\u00e9 d\u00e9tect\u00e9 au moment de la cr\u00e9ation des liens.<br \/>Un contr\u00f4le permanent du contenu des pages li\u00e9es est toutefois impossible sans indices concrets d&rsquo;une infraction.<br \/>violation de la loi n&rsquo;est pas raisonnable. D\u00e8s la prise de connaissance d&rsquo;une violation de la loi, nous supprimerons les liens concern\u00e9s.<br \/>seront imm\u00e9diatement supprim\u00e9s.<\/p><p><strong>Droit d&rsquo;auteur<\/strong><br \/>Les contenus et les \u0153uvres cr\u00e9\u00e9s par les exploitants de ces pages sont soumis au droit allemand de la propri\u00e9t\u00e9 intellectuelle.<br \/>droit d&rsquo;auteur. La reproduction, le traitement, la diffusion et toute forme d&rsquo;exploitation en dehors des limites du droit d&rsquo;auteur sont interdits.<br \/>du droit d&rsquo;auteur n\u00e9cessite l&rsquo;accord \u00e9crit de l&rsquo;auteur ou du cr\u00e9ateur concern\u00e9.<br \/>cr\u00e9ateur de ce site. Les t\u00e9l\u00e9chargements et les copies de ce site ne sont autoris\u00e9s que pour un usage priv\u00e9 et non commercial.<br \/>sont autoris\u00e9s.<br \/>Dans la mesure o\u00f9 les contenus de ce site n&rsquo;ont pas \u00e9t\u00e9 cr\u00e9\u00e9s par l&rsquo;exploitant, les droits d&rsquo;auteur de tiers sont respect\u00e9s.<br \/>sont respect\u00e9s. En particulier, les contenus de tiers sont identifi\u00e9s comme tels. Si vous deviez malgr\u00e9 tout constater une<br \/>violation des droits d&rsquo;auteur, nous vous prions de nous en informer. En cas de<br \/>Nous supprimerons imm\u00e9diatement les contenus concern\u00e9s d\u00e8s que nous aurons connaissance d&rsquo;une telle violation.<\/p><p>Les mentions l\u00e9gales ont \u00e9t\u00e9 cr\u00e9\u00e9es \u00e0 l&rsquo;aide du g\u00e9n\u00e9rateur de mentions l\u00e9gales d&rsquo;activeMind AG.Informations conformes au \u00a7 5 de la loi sur les t\u00e9l\u00e9m\u00e9dias :<\/p><p><strong>\u00a0<\/strong><\/p>\t\t\t\t\t\t\t\t<\/div>\n\t\t\t\t<\/div>\n\t\t\t\t\t<\/div>\n\t\t<\/div>\n\t\t\t\t\t<\/div>\n\t\t<\/section>\n\t\t\t\t<\/div>\n\t\t","protected":false},"excerpt":{"rendered":"<p>Imprimer Mentions l\u00e9gales COGNOS International GmbH Informations conformes au \u00a7 5 de la loi sur les t\u00e9l\u00e9m\u00e9dias :COGNOS International GmbH Adresse postale :Kronengasse 2150667 Cologne contact:Tel: 0221 921512 801E-Mail: info@cognos-international.de Repr\u00e9sent\u00e9 par :Directeur g\u00e9n\u00e9ral : Dr. Matthias Afting, CEO \/ Directeur Executif Enregistr\u00e9 au:Tribunal d&rsquo;instance de D\u00fcsseldorfN\u00b0 d&rsquo;immatriculation : HRB 87608 Num\u00e9ro d&rsquo;identification de la [&hellip;]<\/p>\n","protected":false},"author":1,"featured_media":12863,"parent":0,"menu_order":0,"comment_status":"closed","ping_status":"closed","template":"","meta":{"footnotes":""},"class_list":["post-12488","page","type-page","status-publish","has-post-thumbnail","hentry"],"yoast_head":"<!-- This site is optimized with the Yoast SEO plugin v27.4 - https:\/\/yoast.com\/product\/yoast-seo-wordpress\/ -->\n<title>Imprimer | COGNOS International GmbH<\/title>\n<meta name=\"description\" content=\"Imprimer, COGNOS International. Avec nos programmes, nous favorisons le d\u00e9veloppement durable des structures \u00e9ducatives dans le monde entier.\" \/>\n<meta name=\"robots\" content=\"noindex, follow\" \/>\n<meta property=\"og:locale\" content=\"fr_FR\" \/>\n<meta property=\"og:type\" content=\"article\" \/>\n<meta property=\"og:title\" content=\"Imprimer | COGNOS International GmbH\" \/>\n<meta property=\"og:description\" content=\"Imprimer, COGNOS International. Avec nos programmes, nous favorisons le d\u00e9veloppement durable des structures \u00e9ducatives dans le monde entier.\" \/>\n<meta property=\"og:url\" content=\"https:\/\/cognos-international.com\/fr\/imprimer\/\" \/>\n<meta property=\"og:site_name\" content=\"COGNOS International GmbH\" \/>\n<meta property=\"article:publisher\" content=\"https:\/\/www.facebook.com\/cognosint1\/\" \/>\n<meta property=\"article:modified_time\" content=\"2025-07-24T09:45:04+00:00\" \/>\n<meta property=\"og:image\" content=\"https:\/\/cognos-international.com\/wp-content\/uploads\/2022\/02\/projekte-afrika-women.jpeg\" \/>\n\t<meta property=\"og:image:width\" content=\"1920\" \/>\n\t<meta property=\"og:image:height\" content=\"1280\" \/>\n\t<meta property=\"og:image:type\" content=\"image\/jpeg\" \/>\n<meta name=\"twitter:card\" content=\"summary_large_image\" \/>\n<meta name=\"twitter:site\" content=\"@cognosinternat1\" \/>\n<meta name=\"twitter:label1\" content=\"Dur\u00e9e de lecture estim\u00e9e\" \/>\n\t<meta name=\"twitter:data1\" content=\"3 minutes\" \/>\n<script type=\"application\/ld+json\" class=\"yoast-schema-graph\">{\"@context\":\"https:\\\/\\\/schema.org\",\"@graph\":[{\"@type\":\"WebPage\",\"@id\":\"https:\\\/\\\/cognos-international.com\\\/fr\\\/imprimer\\\/\",\"url\":\"https:\\\/\\\/cognos-international.com\\\/fr\\\/imprimer\\\/\",\"name\":\"Imprimer | COGNOS International GmbH\",\"isPartOf\":{\"@id\":\"https:\\\/\\\/cognos-international.com\\\/#website\"},\"primaryImageOfPage\":{\"@id\":\"https:\\\/\\\/cognos-international.com\\\/fr\\\/imprimer\\\/#primaryimage\"},\"image\":{\"@id\":\"https:\\\/\\\/cognos-international.com\\\/fr\\\/imprimer\\\/#primaryimage\"},\"thumbnailUrl\":\"https:\\\/\\\/cognos-international.com\\\/wp-content\\\/uploads\\\/2022\\\/02\\\/projekte-afrika-women.jpeg\",\"datePublished\":\"2022-02-06T11:09:02+00:00\",\"dateModified\":\"2025-07-24T09:45:04+00:00\",\"description\":\"Imprimer, COGNOS International. Avec nos programmes, nous favorisons le d\u00e9veloppement durable des structures \u00e9ducatives dans le monde entier.\",\"breadcrumb\":{\"@id\":\"https:\\\/\\\/cognos-international.com\\\/fr\\\/imprimer\\\/#breadcrumb\"},\"inLanguage\":\"fr-FR\",\"potentialAction\":[{\"@type\":\"ReadAction\",\"target\":[\"https:\\\/\\\/cognos-international.com\\\/fr\\\/imprimer\\\/\"]}]},{\"@type\":\"ImageObject\",\"inLanguage\":\"fr-FR\",\"@id\":\"https:\\\/\\\/cognos-international.com\\\/fr\\\/imprimer\\\/#primaryimage\",\"url\":\"https:\\\/\\\/cognos-international.com\\\/wp-content\\\/uploads\\\/2022\\\/02\\\/projekte-afrika-women.jpeg\",\"contentUrl\":\"https:\\\/\\\/cognos-international.com\\\/wp-content\\\/uploads\\\/2022\\\/02\\\/projekte-afrika-women.jpeg\",\"width\":1920,\"height\":1280,\"caption\":\"Burkina Faso, COGNOS\"},{\"@type\":\"BreadcrumbList\",\"@id\":\"https:\\\/\\\/cognos-international.com\\\/fr\\\/imprimer\\\/#breadcrumb\",\"itemListElement\":[{\"@type\":\"ListItem\",\"position\":1,\"name\":\"Startseite\",\"item\":\"https:\\\/\\\/cognos-international.com\\\/\"},{\"@type\":\"ListItem\",\"position\":2,\"name\":\"Imprimer\"}]},{\"@type\":\"WebSite\",\"@id\":\"https:\\\/\\\/cognos-international.com\\\/#website\",\"url\":\"https:\\\/\\\/cognos-international.com\\\/\",\"name\":\"COGNOS International GmbH\",\"description\":\"Die COGNOS International ist Teil der COGNOS AG \u2013 eines der gr\u00f6\u00dften privaten und unabh\u00e4ngigen Bildungsunternehmen in Deutschland.\",\"publisher\":{\"@id\":\"https:\\\/\\\/cognos-international.com\\\/#organization\"},\"alternateName\":\"COGNOS International GmbH\",\"potentialAction\":[{\"@type\":\"SearchAction\",\"target\":{\"@type\":\"EntryPoint\",\"urlTemplate\":\"https:\\\/\\\/cognos-international.com\\\/?s={search_term_string}\"},\"query-input\":{\"@type\":\"PropertyValueSpecification\",\"valueRequired\":true,\"valueName\":\"search_term_string\"}}],\"inLanguage\":\"fr-FR\"},{\"@type\":\"Organization\",\"@id\":\"https:\\\/\\\/cognos-international.com\\\/#organization\",\"name\":\"COGNOS International GmbH\",\"alternateName\":\"COGNOS International GmbH\",\"url\":\"https:\\\/\\\/cognos-international.com\\\/\",\"logo\":{\"@type\":\"ImageObject\",\"inLanguage\":\"fr-FR\",\"@id\":\"https:\\\/\\\/cognos-international.com\\\/#\\\/schema\\\/logo\\\/image\\\/\",\"url\":\"https:\\\/\\\/cognos-international.com\\\/wp-content\\\/uploads\\\/2021\\\/11\\\/cropped-cognos-512.png\",\"contentUrl\":\"https:\\\/\\\/cognos-international.com\\\/wp-content\\\/uploads\\\/2021\\\/11\\\/cropped-cognos-512.png\",\"width\":512,\"height\":512,\"caption\":\"COGNOS International GmbH\"},\"image\":{\"@id\":\"https:\\\/\\\/cognos-international.com\\\/#\\\/schema\\\/logo\\\/image\\\/\"},\"sameAs\":[\"https:\\\/\\\/www.facebook.com\\\/cognosint1\\\/\",\"https:\\\/\\\/x.com\\\/cognosinternat1\",\"https:\\\/\\\/www.instagram.com\\\/cognos_international\\\/\",\"https:\\\/\\\/www.linkedin.com\\\/company\\\/cognos-international-gmbh\"]}]}<\/script>\n<!-- \/ Yoast SEO plugin. -->","yoast_head_json":{"title":"Imprimer | COGNOS International GmbH","description":"Imprimer, COGNOS International. Avec nos programmes, nous favorisons le d\u00e9veloppement durable des structures \u00e9ducatives dans le monde entier.","robots":{"index":"noindex","follow":"follow"},"og_locale":"fr_FR","og_type":"article","og_title":"Imprimer | COGNOS International GmbH","og_description":"Imprimer, COGNOS International. Avec nos programmes, nous favorisons le d\u00e9veloppement durable des structures \u00e9ducatives dans le monde entier.","og_url":"https:\/\/cognos-international.com\/fr\/imprimer\/","og_site_name":"COGNOS International GmbH","article_publisher":"https:\/\/www.facebook.com\/cognosint1\/","article_modified_time":"2025-07-24T09:45:04+00:00","og_image":[{"width":1920,"height":1280,"url":"https:\/\/cognos-international.com\/wp-content\/uploads\/2022\/02\/projekte-afrika-women.jpeg","type":"image\/jpeg"}],"twitter_card":"summary_large_image","twitter_site":"@cognosinternat1","twitter_misc":{"Dur\u00e9e de lecture estim\u00e9e":"3 minutes"},"schema":{"@context":"https:\/\/schema.org","@graph":[{"@type":"WebPage","@id":"https:\/\/cognos-international.com\/fr\/imprimer\/","url":"https:\/\/cognos-international.com\/fr\/imprimer\/","name":"Imprimer | COGNOS International GmbH","isPartOf":{"@id":"https:\/\/cognos-international.com\/#website"},"primaryImageOfPage":{"@id":"https:\/\/cognos-international.com\/fr\/imprimer\/#primaryimage"},"image":{"@id":"https:\/\/cognos-international.com\/fr\/imprimer\/#primaryimage"},"thumbnailUrl":"https:\/\/cognos-international.com\/wp-content\/uploads\/2022\/02\/projekte-afrika-women.jpeg","datePublished":"2022-02-06T11:09:02+00:00","dateModified":"2025-07-24T09:45:04+00:00","description":"Imprimer, COGNOS International. Avec nos programmes, nous favorisons le d\u00e9veloppement durable des structures \u00e9ducatives dans le monde entier.","breadcrumb":{"@id":"https:\/\/cognos-international.com\/fr\/imprimer\/#breadcrumb"},"inLanguage":"fr-FR","potentialAction":[{"@type":"ReadAction","target":["https:\/\/cognos-international.com\/fr\/imprimer\/"]}]},{"@type":"ImageObject","inLanguage":"fr-FR","@id":"https:\/\/cognos-international.com\/fr\/imprimer\/#primaryimage","url":"https:\/\/cognos-international.com\/wp-content\/uploads\/2022\/02\/projekte-afrika-women.jpeg","contentUrl":"https:\/\/cognos-international.com\/wp-content\/uploads\/2022\/02\/projekte-afrika-women.jpeg","width":1920,"height":1280,"caption":"Burkina Faso, COGNOS"},{"@type":"BreadcrumbList","@id":"https:\/\/cognos-international.com\/fr\/imprimer\/#breadcrumb","itemListElement":[{"@type":"ListItem","position":1,"name":"Startseite","item":"https:\/\/cognos-international.com\/"},{"@type":"ListItem","position":2,"name":"Imprimer"}]},{"@type":"WebSite","@id":"https:\/\/cognos-international.com\/#website","url":"https:\/\/cognos-international.com\/","name":"COGNOS International GmbH","description":"Die COGNOS International ist Teil der COGNOS AG \u2013 eines der gr\u00f6\u00dften privaten und unabh\u00e4ngigen Bildungsunternehmen in Deutschland.","publisher":{"@id":"https:\/\/cognos-international.com\/#organization"},"alternateName":"COGNOS International GmbH","potentialAction":[{"@type":"SearchAction","target":{"@type":"EntryPoint","urlTemplate":"https:\/\/cognos-international.com\/?s={search_term_string}"},"query-input":{"@type":"PropertyValueSpecification","valueRequired":true,"valueName":"search_term_string"}}],"inLanguage":"fr-FR"},{"@type":"Organization","@id":"https:\/\/cognos-international.com\/#organization","name":"COGNOS International GmbH","alternateName":"COGNOS International GmbH","url":"https:\/\/cognos-international.com\/","logo":{"@type":"ImageObject","inLanguage":"fr-FR","@id":"https:\/\/cognos-international.com\/#\/schema\/logo\/image\/","url":"https:\/\/cognos-international.com\/wp-content\/uploads\/2021\/11\/cropped-cognos-512.png","contentUrl":"https:\/\/cognos-international.com\/wp-content\/uploads\/2021\/11\/cropped-cognos-512.png","width":512,"height":512,"caption":"COGNOS International GmbH"},"image":{"@id":"https:\/\/cognos-international.com\/#\/schema\/logo\/image\/"},"sameAs":["https:\/\/www.facebook.com\/cognosint1\/","https:\/\/x.com\/cognosinternat1","https:\/\/www.instagram.com\/cognos_international\/","https:\/\/www.linkedin.com\/company\/cognos-international-gmbh"]}]}},"_links":{"self":[{"href":"https:\/\/cognos-international.com\/fr\/wp-json\/wp\/v2\/pages\/12488","targetHints":{"allow":["GET"]}}],"collection":[{"href":"https:\/\/cognos-international.com\/fr\/wp-json\/wp\/v2\/pages"}],"about":[{"href":"https:\/\/cognos-international.com\/fr\/wp-json\/wp\/v2\/types\/page"}],"author":[{"embeddable":true,"href":"https:\/\/cognos-international.com\/fr\/wp-json\/wp\/v2\/users\/1"}],"replies":[{"embeddable":true,"href":"https:\/\/cognos-international.com\/fr\/wp-json\/wp\/v2\/comments?post=12488"}],"version-history":[{"count":0,"href":"https:\/\/cognos-international.com\/fr\/wp-json\/wp\/v2\/pages\/12488\/revisions"}],"wp:featuredmedia":[{"embeddable":true,"href":"https:\/\/cognos-international.com\/fr\/wp-json\/wp\/v2\/media\/12863"}],"wp:attachment":[{"href":"https:\/\/cognos-international.com\/fr\/wp-json\/wp\/v2\/media?parent=12488"}],"curies":[{"name":"wp","href":"https:\/\/api.w.org\/{rel}","templated":true}]}}