{"id":12480,"date":"2022-02-06T11:40:37","date_gmt":"2022-02-06T11:40:37","guid":{"rendered":"http:\/\/s888625058.online.de\/cookie-einstellungen\/"},"modified":"2024-10-28T16:41:00","modified_gmt":"2024-10-28T16:41:00","slug":"parametres-des-cookies","status":"publish","type":"page","link":"https:\/\/cognos-international.com\/fr\/parametres-des-cookies\/","title":{"rendered":"Param\u00e8tres des cookies"},"content":{"rendered":"\t\t<div data-elementor-type=\"wp-page\" data-elementor-id=\"12480\" class=\"elementor elementor-12480 elementor-11811\">\n\t\t\t\t\t\t<section class=\"elementor-section elementor-top-section elementor-element elementor-element-56ea5d67 elementor-section-height-min-height elementor-section-items-stretch elementor-hidden-mobile elementor-section-boxed elementor-section-height-default\" data-id=\"56ea5d67\" data-element_type=\"section\" data-e-type=\"section\" data-settings=\"{&quot;background_background&quot;:&quot;classic&quot;}\">\n\t\t\t\t\t\t\t<div class=\"elementor-background-overlay\"><\/div>\n\t\t\t\t\t\t\t<div class=\"elementor-container elementor-column-gap-default\">\n\t\t\t\t\t<div data-custom-animations=\"true\" data-ca-options=\"{&quot;addChildTimelines&quot;:false,&quot;trigger&quot;:&quot;firstChild&quot;,&quot;animationTarget&quot;:&quot;:scope &gt; .elementor-widget-wrap &gt; .elementor-element &gt; .elementor-widget-container, :scope &gt; .elementor-widget-wrap &gt; .elementor-section &gt; .elementor-container &gt; .elementor-column &gt; .elementor-widget-wrap &gt; .elementor-element:not(.lqd-el-has-inner-anim) &gt; .elementor-widget-container, :scope &gt; .elementor-widget-wrap &gt; .elementor-widget-hub_fancy_heading .lqd-split-lines .lqd-lines .split-inner, :scope &gt; .elementor-widget-wrap &gt; .elementor-widget-hub_fancy_heading .lqd-split-words .lqd-words .split-inner, :scope &gt; .elementor-widget-wrap &gt; .elementor-widget-hub_fancy_heading .lqd-split-chars .lqd-chars .split-inner, :scope &gt; .elementor-widget-wrap &gt; .elementor-widget-ld_custom_menu .lqd-fancy-menu &gt; ul &gt; li&quot;,&quot;ease&quot;:[&quot;power4.out&quot;],&quot;initValues&quot;:{&quot;y&quot;:&quot;50px&quot;,&quot;opacity&quot;:0,&quot;transformOrigin&quot;:&quot;50% 50% 0px&quot;},&quot;animations&quot;:{&quot;y&quot;:&quot;0px&quot;,&quot;opacity&quot;:1,&quot;transformOrigin&quot;:&quot;50% 50% 0px&quot;}}\" class=\"elementor-column elementor-col-100 elementor-top-column elementor-element elementor-element-64ede07b\" data-id=\"64ede07b\" data-element_type=\"column\" data-e-type=\"column\">\n\t\t\t<div class=\"elementor-widget-wrap elementor-element-populated\">\n\t\t\t\t\t\t<div class=\"elementor-element elementor-element-51e2c4f elementor-widget elementor-widget-spacer\" data-id=\"51e2c4f\" data-element_type=\"widget\" data-e-type=\"widget\" data-widget_type=\"spacer.default\">\n\t\t\t\t<div class=\"elementor-widget-container\">\n\t\t\t\t\t\t\t<div class=\"elementor-spacer\">\n\t\t\t<div class=\"elementor-spacer-inner\"><\/div>\n\t\t<\/div>\n\t\t\t\t\t\t<\/div>\n\t\t\t\t<\/div>\n\t\t\t\t<div data-parallax=\"true\" data-parallax-options=\"{&quot;ease&quot;:[&quot;linear&quot;],&quot;start&quot;:&quot;top bottom&quot;,&quot;end&quot;:&quot;bottom+=0px top&quot;}\" data-parallax-from=\"{&quot;transformOrigin&quot;:&quot;50% 50% 0px&quot;}\" data-parallax-to=\"{&quot;transformOrigin&quot;:&quot;50% 50% 0px&quot;}\" class=\"elementor-element elementor-element-6bed69bb elementor-widget elementor-widget-hub_fancy_heading\" data-id=\"6bed69bb\" data-element_type=\"widget\" data-e-type=\"widget\" data-widget_type=\"hub_fancy_heading.default\">\n\t\t\t\t<div class=\"elementor-widget-container\">\n\t\t\t\t\t\n\t\t<div id=\"ld-fancy-heading-69e34df194eae\" class=\"ld-fancy-heading pos-rel\">\n\t\t\t<h1 class=\"ld-fh-element d-inline-block pos-rel  elementor-heading-title ws-nowrap lqd-highlight-custom lqd-highlight-custom-1 h1\"  > Param\u00e8tres des cookies<\/h1>\t\t<\/div>\n\n\t\t\t\t\t\t<\/div>\n\t\t\t\t<\/div>\n\t\t\t\t\t<\/div>\n\t\t<\/div>\n\t\t\t\t\t<\/div>\n\t\t<\/section>\n\t\t\t\t<section class=\"elementor-section elementor-top-section elementor-element elementor-element-ce69a60 elementor-section-boxed elementor-section-height-default elementor-section-height-default\" data-id=\"ce69a60\" data-element_type=\"section\" data-e-type=\"section\">\n\t\t\t\t\t\t<div class=\"elementor-container elementor-column-gap-default\">\n\t\t\t\t\t<div class=\"elementor-column elementor-col-100 elementor-top-column elementor-element elementor-element-6506214\" data-id=\"6506214\" data-element_type=\"column\" data-e-type=\"column\">\n\t\t\t<div class=\"elementor-widget-wrap elementor-element-populated\">\n\t\t\t\t\t\t<div class=\"elementor-element elementor-element-5d55e685 elementor-widget elementor-widget-hub_fancy_heading\" data-id=\"5d55e685\" data-element_type=\"widget\" data-e-type=\"widget\" data-widget_type=\"hub_fancy_heading.default\">\n\t\t\t\t<div class=\"elementor-widget-container\">\n\t\t\t\t\t\n\t\t<div id=\"ld-fancy-heading-69e34df196425\" class=\"ld-fancy-heading pos-rel\">\n\t\t\t<h1 class=\"ld-fh-element d-inline-block pos-rel  elementor-heading-title lqd-highlight-classic lqd-highlight-grow-left h1\"  > Param\u00e8tres des cookies <br>COGNOS International GmbH<\/h1>\t\t<\/div>\n\n\t\t\t\t\t\t<\/div>\n\t\t\t\t<\/div>\n\t\t\t\t<div class=\"elementor-element elementor-element-d462448 elementor-widget elementor-widget-text-editor\" data-id=\"d462448\" data-element_type=\"widget\" data-e-type=\"widget\" data-widget_type=\"text-editor.default\">\n\t\t\t\t<div class=\"elementor-widget-container\">\n\t\t\t\t\t\t\t\t\t<hr \/><p>\u00bb <a  href=\"#consent-change\" role=\"button\" id=\"rcb-sc-link-change\" data-success-message=\"\" class=\"rcb-sc-link rcb-sc-link-change \">Modifier les param\u00e8tres de confidentialit\u00e9<\/a><\/p><hr \/><p><br \/>\u00bb <a  href=\"#consent-history\" role=\"button\" id=\"rcb-sc-link-history\" data-success-message=\"\" class=\"rcb-sc-link rcb-sc-link-history \">Historique des param\u00e8tres de confidentialit\u00e9<\/a><\/p><hr \/><p><br \/>\u00bb <a  href=\"#consent-revoke\" role=\"button\" id=\"rcb-sc-link-revoke\" data-success-message=\"Vous avez retir\u00e9 votre consentement avec succ\u00e8s. La page va maintenant se recharger.\" class=\"rcb-sc-link rcb-sc-link-revoke \">R\u00e9voquer les consentements<\/a><\/p>\t\t\t\t\t\t\t\t<\/div>\n\t\t\t\t<\/div>\n\t\t\t\t\t<\/div>\n\t\t<\/div>\n\t\t\t\t\t<\/div>\n\t\t<\/section>\n\t\t\t\t<\/div>\n\t\t","protected":false},"excerpt":{"rendered":"<p>Param\u00e8tres des cookies Param\u00e8tres des cookies COGNOS International GmbH \u00bb \u00bb \u00bb<\/p>\n","protected":false},"author":1,"featured_media":12893,"parent":0,"menu_order":0,"comment_status":"closed","ping_status":"closed","template":"","meta":{"footnotes":""},"class_list":["post-12480","page","type-page","status-publish","has-post-thumbnail","hentry"],"yoast_head":"<!-- This site is optimized with the Yoast SEO plugin v27.4 - https:\/\/yoast.com\/product\/yoast-seo-wordpress\/ -->\n<title>Param\u00e8tres des cookies | COGNOS International GmbH<\/title>\n<meta name=\"description\" content=\"Param\u00e8tres des cookies - COGNOS International GmbH, Allemagne. Entreprise \u00e9ducative pour le coaching, le conseil, les \u00e9tudiants\" \/>\n<meta name=\"robots\" content=\"noindex, follow\" \/>\n<meta property=\"og:locale\" content=\"fr_FR\" \/>\n<meta property=\"og:type\" content=\"article\" \/>\n<meta property=\"og:title\" content=\"Param\u00e8tres des cookies | COGNOS International GmbH\" \/>\n<meta property=\"og:description\" content=\"Param\u00e8tres des cookies - COGNOS International GmbH, Allemagne. Entreprise \u00e9ducative pour le coaching, le conseil, les \u00e9tudiants\" \/>\n<meta property=\"og:url\" content=\"https:\/\/cognos-international.com\/cookie-einstellungen\/\" \/>\n<meta property=\"og:site_name\" content=\"COGNOS International GmbH\" \/>\n<meta property=\"article:publisher\" content=\"https:\/\/www.facebook.com\/cognosint1\/\" \/>\n<meta property=\"article:modified_time\" content=\"2024-10-28T16:41:00+00:00\" \/>\n<meta property=\"og:image\" content=\"https:\/\/cognos-international.com\/wp-content\/uploads\/2022\/02\/beratung-cognos.jpeg\" \/>\n\t<meta property=\"og:image:width\" content=\"2560\" \/>\n\t<meta property=\"og:image:height\" content=\"1061\" \/>\n\t<meta property=\"og:image:type\" content=\"image\/jpeg\" \/>\n<meta name=\"twitter:card\" content=\"summary_large_image\" \/>\n<meta name=\"twitter:site\" content=\"@cognosinternat1\" \/>\n<meta name=\"twitter:label1\" content=\"Dur\u00e9e de lecture estim\u00e9e\" \/>\n\t<meta name=\"twitter:data1\" content=\"1 minute\" \/>\n<script type=\"application\/ld+json\" class=\"yoast-schema-graph\">{\"@context\":\"https:\\\/\\\/schema.org\",\"@graph\":[{\"@type\":\"WebPage\",\"@id\":\"https:\\\/\\\/cognos-international.com\\\/cookie-einstellungen\\\/\",\"url\":\"https:\\\/\\\/cognos-international.com\\\/cookie-einstellungen\\\/\",\"name\":\"Param\u00e8tres des cookies | COGNOS International GmbH\",\"isPartOf\":{\"@id\":\"https:\\\/\\\/cognos-international.com\\\/#website\"},\"primaryImageOfPage\":{\"@id\":\"https:\\\/\\\/cognos-international.com\\\/cookie-einstellungen\\\/#primaryimage\"},\"image\":{\"@id\":\"https:\\\/\\\/cognos-international.com\\\/cookie-einstellungen\\\/#primaryimage\"},\"thumbnailUrl\":\"https:\\\/\\\/cognos-international.com\\\/wp-content\\\/uploads\\\/2022\\\/02\\\/beratung-cognos.jpeg\",\"datePublished\":\"2022-02-06T11:40:37+00:00\",\"dateModified\":\"2024-10-28T16:41:00+00:00\",\"description\":\"Param\u00e8tres des cookies - COGNOS International GmbH, Allemagne. Entreprise \u00e9ducative pour le coaching, le conseil, les \u00e9tudiants\",\"breadcrumb\":{\"@id\":\"https:\\\/\\\/cognos-international.com\\\/cookie-einstellungen\\\/#breadcrumb\"},\"inLanguage\":\"fr-FR\",\"potentialAction\":[{\"@type\":\"ReadAction\",\"target\":[\"https:\\\/\\\/cognos-international.com\\\/cookie-einstellungen\\\/\"]}]},{\"@type\":\"ImageObject\",\"inLanguage\":\"fr-FR\",\"@id\":\"https:\\\/\\\/cognos-international.com\\\/cookie-einstellungen\\\/#primaryimage\",\"url\":\"https:\\\/\\\/cognos-international.com\\\/wp-content\\\/uploads\\\/2022\\\/02\\\/beratung-cognos.jpeg\",\"contentUrl\":\"https:\\\/\\\/cognos-international.com\\\/wp-content\\\/uploads\\\/2022\\\/02\\\/beratung-cognos.jpeg\",\"width\":2560,\"height\":1061,\"caption\":\"Beratung Afrika, COGNOS\"},{\"@type\":\"BreadcrumbList\",\"@id\":\"https:\\\/\\\/cognos-international.com\\\/cookie-einstellungen\\\/#breadcrumb\",\"itemListElement\":[{\"@type\":\"ListItem\",\"position\":1,\"name\":\"Startseite\",\"item\":\"https:\\\/\\\/cognos-international.com\\\/\"},{\"@type\":\"ListItem\",\"position\":2,\"name\":\"Param\u00e8tres des cookies\"}]},{\"@type\":\"WebSite\",\"@id\":\"https:\\\/\\\/cognos-international.com\\\/#website\",\"url\":\"https:\\\/\\\/cognos-international.com\\\/\",\"name\":\"COGNOS International GmbH\",\"description\":\"Die COGNOS International ist Teil der COGNOS AG \u2013 eines der gr\u00f6\u00dften privaten und unabh\u00e4ngigen Bildungsunternehmen in Deutschland.\",\"publisher\":{\"@id\":\"https:\\\/\\\/cognos-international.com\\\/#organization\"},\"alternateName\":\"COGNOS International GmbH\",\"potentialAction\":[{\"@type\":\"SearchAction\",\"target\":{\"@type\":\"EntryPoint\",\"urlTemplate\":\"https:\\\/\\\/cognos-international.com\\\/?s={search_term_string}\"},\"query-input\":{\"@type\":\"PropertyValueSpecification\",\"valueRequired\":true,\"valueName\":\"search_term_string\"}}],\"inLanguage\":\"fr-FR\"},{\"@type\":\"Organization\",\"@id\":\"https:\\\/\\\/cognos-international.com\\\/#organization\",\"name\":\"COGNOS International GmbH\",\"alternateName\":\"COGNOS International GmbH\",\"url\":\"https:\\\/\\\/cognos-international.com\\\/\",\"logo\":{\"@type\":\"ImageObject\",\"inLanguage\":\"fr-FR\",\"@id\":\"https:\\\/\\\/cognos-international.com\\\/#\\\/schema\\\/logo\\\/image\\\/\",\"url\":\"https:\\\/\\\/cognos-international.com\\\/wp-content\\\/uploads\\\/2021\\\/11\\\/cropped-cognos-512.png\",\"contentUrl\":\"https:\\\/\\\/cognos-international.com\\\/wp-content\\\/uploads\\\/2021\\\/11\\\/cropped-cognos-512.png\",\"width\":512,\"height\":512,\"caption\":\"COGNOS International GmbH\"},\"image\":{\"@id\":\"https:\\\/\\\/cognos-international.com\\\/#\\\/schema\\\/logo\\\/image\\\/\"},\"sameAs\":[\"https:\\\/\\\/www.facebook.com\\\/cognosint1\\\/\",\"https:\\\/\\\/x.com\\\/cognosinternat1\",\"https:\\\/\\\/www.instagram.com\\\/cognos_international\\\/\",\"https:\\\/\\\/www.linkedin.com\\\/company\\\/cognos-international-gmbh\"]}]}<\/script>\n<!-- \/ Yoast SEO plugin. -->","yoast_head_json":{"title":"Param\u00e8tres des cookies | COGNOS International GmbH","description":"Param\u00e8tres des cookies - COGNOS International GmbH, Allemagne. Entreprise \u00e9ducative pour le coaching, le conseil, les \u00e9tudiants","robots":{"index":"noindex","follow":"follow"},"og_locale":"fr_FR","og_type":"article","og_title":"Param\u00e8tres des cookies | COGNOS International GmbH","og_description":"Param\u00e8tres des cookies - COGNOS International GmbH, Allemagne. Entreprise \u00e9ducative pour le coaching, le conseil, les \u00e9tudiants","og_url":"https:\/\/cognos-international.com\/cookie-einstellungen\/","og_site_name":"COGNOS International GmbH","article_publisher":"https:\/\/www.facebook.com\/cognosint1\/","article_modified_time":"2024-10-28T16:41:00+00:00","og_image":[{"width":2560,"height":1061,"url":"https:\/\/cognos-international.com\/wp-content\/uploads\/2022\/02\/beratung-cognos.jpeg","type":"image\/jpeg"}],"twitter_card":"summary_large_image","twitter_site":"@cognosinternat1","twitter_misc":{"Dur\u00e9e de lecture estim\u00e9e":"1 minute"},"schema":{"@context":"https:\/\/schema.org","@graph":[{"@type":"WebPage","@id":"https:\/\/cognos-international.com\/cookie-einstellungen\/","url":"https:\/\/cognos-international.com\/cookie-einstellungen\/","name":"Param\u00e8tres des cookies | COGNOS International GmbH","isPartOf":{"@id":"https:\/\/cognos-international.com\/#website"},"primaryImageOfPage":{"@id":"https:\/\/cognos-international.com\/cookie-einstellungen\/#primaryimage"},"image":{"@id":"https:\/\/cognos-international.com\/cookie-einstellungen\/#primaryimage"},"thumbnailUrl":"https:\/\/cognos-international.com\/wp-content\/uploads\/2022\/02\/beratung-cognos.jpeg","datePublished":"2022-02-06T11:40:37+00:00","dateModified":"2024-10-28T16:41:00+00:00","description":"Param\u00e8tres des cookies - COGNOS International GmbH, Allemagne. Entreprise \u00e9ducative pour le coaching, le conseil, les \u00e9tudiants","breadcrumb":{"@id":"https:\/\/cognos-international.com\/cookie-einstellungen\/#breadcrumb"},"inLanguage":"fr-FR","potentialAction":[{"@type":"ReadAction","target":["https:\/\/cognos-international.com\/cookie-einstellungen\/"]}]},{"@type":"ImageObject","inLanguage":"fr-FR","@id":"https:\/\/cognos-international.com\/cookie-einstellungen\/#primaryimage","url":"https:\/\/cognos-international.com\/wp-content\/uploads\/2022\/02\/beratung-cognos.jpeg","contentUrl":"https:\/\/cognos-international.com\/wp-content\/uploads\/2022\/02\/beratung-cognos.jpeg","width":2560,"height":1061,"caption":"Beratung Afrika, COGNOS"},{"@type":"BreadcrumbList","@id":"https:\/\/cognos-international.com\/cookie-einstellungen\/#breadcrumb","itemListElement":[{"@type":"ListItem","position":1,"name":"Startseite","item":"https:\/\/cognos-international.com\/"},{"@type":"ListItem","position":2,"name":"Param\u00e8tres des cookies"}]},{"@type":"WebSite","@id":"https:\/\/cognos-international.com\/#website","url":"https:\/\/cognos-international.com\/","name":"COGNOS International GmbH","description":"Die COGNOS International ist Teil der COGNOS AG \u2013 eines der gr\u00f6\u00dften privaten und unabh\u00e4ngigen Bildungsunternehmen in Deutschland.","publisher":{"@id":"https:\/\/cognos-international.com\/#organization"},"alternateName":"COGNOS International GmbH","potentialAction":[{"@type":"SearchAction","target":{"@type":"EntryPoint","urlTemplate":"https:\/\/cognos-international.com\/?s={search_term_string}"},"query-input":{"@type":"PropertyValueSpecification","valueRequired":true,"valueName":"search_term_string"}}],"inLanguage":"fr-FR"},{"@type":"Organization","@id":"https:\/\/cognos-international.com\/#organization","name":"COGNOS International GmbH","alternateName":"COGNOS International GmbH","url":"https:\/\/cognos-international.com\/","logo":{"@type":"ImageObject","inLanguage":"fr-FR","@id":"https:\/\/cognos-international.com\/#\/schema\/logo\/image\/","url":"https:\/\/cognos-international.com\/wp-content\/uploads\/2021\/11\/cropped-cognos-512.png","contentUrl":"https:\/\/cognos-international.com\/wp-content\/uploads\/2021\/11\/cropped-cognos-512.png","width":512,"height":512,"caption":"COGNOS International GmbH"},"image":{"@id":"https:\/\/cognos-international.com\/#\/schema\/logo\/image\/"},"sameAs":["https:\/\/www.facebook.com\/cognosint1\/","https:\/\/x.com\/cognosinternat1","https:\/\/www.instagram.com\/cognos_international\/","https:\/\/www.linkedin.com\/company\/cognos-international-gmbh"]}]}},"_links":{"self":[{"href":"https:\/\/cognos-international.com\/fr\/wp-json\/wp\/v2\/pages\/12480","targetHints":{"allow":["GET"]}}],"collection":[{"href":"https:\/\/cognos-international.com\/fr\/wp-json\/wp\/v2\/pages"}],"about":[{"href":"https:\/\/cognos-international.com\/fr\/wp-json\/wp\/v2\/types\/page"}],"author":[{"embeddable":true,"href":"https:\/\/cognos-international.com\/fr\/wp-json\/wp\/v2\/users\/1"}],"replies":[{"embeddable":true,"href":"https:\/\/cognos-international.com\/fr\/wp-json\/wp\/v2\/comments?post=12480"}],"version-history":[{"count":0,"href":"https:\/\/cognos-international.com\/fr\/wp-json\/wp\/v2\/pages\/12480\/revisions"}],"wp:featuredmedia":[{"embeddable":true,"href":"https:\/\/cognos-international.com\/fr\/wp-json\/wp\/v2\/media\/12893"}],"wp:attachment":[{"href":"https:\/\/cognos-international.com\/fr\/wp-json\/wp\/v2\/media?parent=12480"}],"curies":[{"name":"wp","href":"https:\/\/api.w.org\/{rel}","templated":true}]}}