{"id":25472,"date":"2024-01-25T07:53:22","date_gmt":"2024-01-25T07:53:22","guid":{"rendered":"https:\/\/cognos-international.com\/stellenanzeige\/"},"modified":"2024-10-19T15:39:34","modified_gmt":"2024-10-19T15:39:34","slug":"jobs","status":"publish","type":"page","link":"https:\/\/cognos-international.com\/en\/jobs\/","title":{"rendered":"Jobs"},"content":{"rendered":"\t\t<div data-elementor-type=\"wp-page\" data-elementor-id=\"25472\" class=\"elementor elementor-25472 elementor-20389\">\n\t\t\t\t\t\t<section class=\"elementor-section elementor-top-section elementor-element elementor-element-56ea5d67 elementor-section-height-full elementor-section-items-stretch elementor-section-boxed elementor-section-height-default\" data-id=\"56ea5d67\" data-element_type=\"section\" data-e-type=\"section\" data-settings=\"{&quot;background_background&quot;:&quot;classic&quot;,&quot;animation&quot;:&quot;none&quot;}\">\n\t\t\t\t\t\t\t<div class=\"elementor-background-overlay\"><\/div>\n\t\t\t\t\t\t\t<div class=\"elementor-container elementor-column-gap-default\">\n\t\t\t\t\t<div class=\"elementor-column elementor-col-100 elementor-top-column elementor-element elementor-element-64ede07b\" data-id=\"64ede07b\" data-element_type=\"column\" data-e-type=\"column\">\n\t\t\t<div class=\"elementor-widget-wrap elementor-element-populated\">\n\t\t\t\t\t\t<div class=\"elementor-element elementor-element-64cd761 elementor-hidden-desktop elementor-hidden-tablet elementor-widget elementor-widget-spacer\" data-id=\"64cd761\" data-element_type=\"widget\" data-e-type=\"widget\" data-widget_type=\"spacer.default\">\n\t\t\t\t<div class=\"elementor-widget-container\">\n\t\t\t\t\t\t\t<div class=\"elementor-spacer\">\n\t\t\t<div class=\"elementor-spacer-inner\"><\/div>\n\t\t<\/div>\n\t\t\t\t\t\t<\/div>\n\t\t\t\t<\/div>\n\t\t\t\t<div data-parallax=\"true\" data-parallax-options=\"{&quot;ease&quot;:[&quot;linear&quot;],&quot;start&quot;:&quot;top bottom&quot;,&quot;end&quot;:&quot;bottom+=0px top&quot;}\" data-parallax-from=\"{&quot;transformOrigin&quot;:&quot;50% 50% 0px&quot;}\" data-parallax-to=\"{&quot;transformOrigin&quot;:&quot;50% 50% 0px&quot;}\" class=\"elementor-element elementor-element-6bed69bb elementor-widget elementor-widget-hub_fancy_heading\" data-id=\"6bed69bb\" data-element_type=\"widget\" data-e-type=\"widget\" data-widget_type=\"hub_fancy_heading.default\">\n\t\t\t\t<div class=\"elementor-widget-container\">\n\t\t\t\t\t\n\t\t<div id=\"ld-fancy-heading-69d0c88ee44ab\" class=\"ld-fancy-heading pos-rel\">\n\t\t\t<h1 class=\"ld-fh-element d-inline-block pos-rel  elementor-heading-title ws-nowrap lqd-highlight-custom lqd-highlight-custom-1 h1\"  > Jobs - COGNOS International<\/h1>\t\t<\/div>\n\n\t\t\t\t\t\t<\/div>\n\t\t\t\t<\/div>\n\t\t\t\t<div class=\"elementor-element elementor-element-4b3fb41 elementor-widget elementor-widget-hub_fancy_heading\" data-id=\"4b3fb41\" data-element_type=\"widget\" data-e-type=\"widget\" data-widget_type=\"hub_fancy_heading.default\">\n\t\t\t\t<div class=\"elementor-widget-container\">\n\t\t\t\t\t\n\t\t<div id=\"ld-fancy-heading-69d0c88ee5195\" class=\"ld-fancy-heading pos-rel\">\n\t\t\t<h2 class=\"ld-fh-element d-inline-block pos-rel  elementor-heading-title lqd-highlight-classic lqd-highlight-grow-left h2\"  > Join us!<\/h2>\t\t<\/div>\n\n\t\t\t\t\t\t<\/div>\n\t\t\t\t<\/div>\n\t\t\t\t\t<\/div>\n\t\t<\/div>\n\t\t\t\t\t<\/div>\n\t\t<\/section>\n\t\t\t\t<section class=\"elementor-section elementor-top-section elementor-element elementor-element-7ee544d7 elementor-section-content-middle elementor-reverse-mobile elementor-section-boxed elementor-section-height-default elementor-section-height-default\" data-id=\"7ee544d7\" data-element_type=\"section\" data-e-type=\"section\">\n\t\t\t\t\t\t<div class=\"elementor-container elementor-column-gap-extended\">\n\t\t\t\t\t<div class=\"elementor-column elementor-col-50 elementor-top-column elementor-element elementor-element-6be14ae6\" data-id=\"6be14ae6\" data-element_type=\"column\" data-e-type=\"column\">\n\t\t\t<div class=\"elementor-widget-wrap elementor-element-populated\">\n\t\t\t\t\t\t<div class=\"elementor-element elementor-element-68cf5d0b elementor-widget elementor-widget-hub_fancy_heading\" data-id=\"68cf5d0b\" data-element_type=\"widget\" data-e-type=\"widget\" data-widget_type=\"hub_fancy_heading.default\">\n\t\t\t\t<div class=\"elementor-widget-container\">\n\t\t\t\t\t\n\t\t<div id=\"ld-fancy-heading-69d0c88ee5ceb\" class=\"ld-fancy-heading pos-rel\">\n\t\t\t<h2 class=\"ld-fh-element d-inline-block pos-rel  elementor-heading-title lqd-highlight-classic lqd-highlight-grow-left h2\"  > Vacancies<\/h2>\t\t<\/div>\n\n\t\t\t\t\t\t<\/div>\n\t\t\t\t<\/div>\n\t\t\t\t<div class=\"elementor-element elementor-element-3eaa8ff1 elementor-widget elementor-widget-hub_fancy_heading\" data-id=\"3eaa8ff1\" data-element_type=\"widget\" data-e-type=\"widget\" data-widget_type=\"hub_fancy_heading.default\">\n\t\t\t\t<div class=\"elementor-widget-container\">\n\t\t\t\t\t\n\t\t<div id=\"ld-fancy-heading-69d0c88ee6836\" class=\"ld-fancy-heading pos-rel\">\n\t\t\t<p class=\"ld-fh-element d-inline-block pos-rel  lqd-highlight-classic lqd-highlight-grow-left p\"  > To see our current vacancies, click <b>\u21d2 <\/b><a href=\"https:\/\/www.linkedin.com\/company\/cognos-international-gmbh\"><b><u>hier<\/u><\/b>.<\/a><br><br>Also apart from these jobs, we are interested in meeting potential new colleagues. <br><br>You are fluent in English and maybe in another language as well?\n<br><br><strong>In this case, please feel free to send your unsolicited application: <\/strong><br>COGNOS International GmbH<br>Kronengasse 21 <br>50667 Cologne<br>info@cognos-international.de<br><br>\n<strong>Trainers \/ experts:<\/strong><br>We regularly expand our international network. <br><br>If you are interested in carrying out successful projects with us, please send your CV to<br><b><u>info@cognos-international.de<\/u><\/b>\n<\/p>\t\t<\/div>\n\n\t\t\t\t\t\t<\/div>\n\t\t\t\t<\/div>\n\t\t\t\t\t<\/div>\n\t\t<\/div>\n\t\t\t\t<div class=\"elementor-column elementor-col-50 elementor-top-column elementor-element elementor-element-a9e9ddb\" data-id=\"a9e9ddb\" data-element_type=\"column\" data-e-type=\"column\">\n\t\t\t<div class=\"elementor-widget-wrap elementor-element-populated\">\n\t\t\t\t\t\t<div class=\"elementor-element elementor-element-3cfddb2a elementor-widget elementor-widget-ld_fancy_image\" data-id=\"3cfddb2a\" data-element_type=\"widget\" data-e-type=\"widget\" data-widget_type=\"ld_fancy_image.default\">\n\t\t\t\t<div class=\"elementor-widget-container\">\n\t\t\t\t\t\n\t\t<div class=\"lqd-imggrp-single d-block pos-rel perspective\" data-hover3d=\"true\">\n\t\t\t<div class=\"lqd-imggrp-img-container d-inline-flex pos-rel align-items-center justify-content-center transform-style-3d\">\n\t\t\t\t\t\t\t\t<figure class=\"w-100 pos-rel\" data-stacking-factor=\"1\">\n\t\t\t\t\t<img fetchpriority=\"high\" decoding=\"async\" width=\"1920\" height=\"1080\" src=\"https:\/\/cognos-international.com\/wp-content\/uploads\/2024\/01\/cognos-stellenanzeige.jpg\" class=\"attachment-full size-full wp-image-20394\" alt=\"COGNOS International, Stellenanzeige\" srcset=\"https:\/\/cognos-international.com\/wp-content\/uploads\/2024\/01\/cognos-stellenanzeige.jpg 1920w, https:\/\/cognos-international.com\/wp-content\/uploads\/2024\/01\/cognos-stellenanzeige-300x169.jpg 300w, https:\/\/cognos-international.com\/wp-content\/uploads\/2024\/01\/cognos-stellenanzeige-1024x576.jpg 1024w, https:\/\/cognos-international.com\/wp-content\/uploads\/2024\/01\/cognos-stellenanzeige-1536x864.jpg 1536w\" sizes=\"(max-width: 1920px) 100vw, 1920px\" itemprop=\"image\" \/>\t\t\t\t\t\t\t\t\t\t\t\t\t\t\t\t\t\t\t\t\t\t\t\t\t\t\t\t\t<\/figure>\n\t\t\t<\/div>\n\t\t<\/div>\n\n\t\t\t\t\t<\/div>\n\t\t\t\t<\/div>\n\t\t\t\t\t<\/div>\n\t\t<\/div>\n\t\t\t\t\t<\/div>\n\t\t<\/section>\n\t\t\t\t<\/div>\n\t\t","protected":false},"excerpt":{"rendered":"<p>Jobs &#8211; COGNOS International Join us! Vacancies To see our current vacancies, click \u21d2 hier. Also apart from these jobs, we are interested in meeting potential new colleagues. You are fluent in English and maybe in another language as well? In this case, please feel free to send your unsolicited application: COGNOS International GmbHKronengasse 21 [&hellip;]<\/p>\n","protected":false},"author":1,"featured_media":20395,"parent":0,"menu_order":0,"comment_status":"closed","ping_status":"closed","template":"","meta":{"footnotes":""},"class_list":["post-25472","page","type-page","status-publish","has-post-thumbnail","hentry"],"yoast_head":"<!-- This site is optimized with the Yoast SEO plugin v27.3 - https:\/\/yoast.com\/product\/yoast-seo-wordpress\/ -->\n<title>Jobs | COGNOS International GmbH, Cologne and Hamburg<\/title>\n<meta name=\"description\" content=\"Job advertisement COGNOS International GmbH. Send your unsolicited application to: COGNOS International GmbH, info@cognos-international.de.\" \/>\n<meta name=\"robots\" content=\"index, follow, max-snippet:-1, max-image-preview:large, max-video-preview:-1\" \/>\n<link rel=\"canonical\" href=\"https:\/\/cognos-international.com\/en\/jobs\/\" \/>\n<meta property=\"og:locale\" content=\"en_US\" \/>\n<meta property=\"og:type\" content=\"article\" \/>\n<meta property=\"og:title\" content=\"Jobs | COGNOS International GmbH, Cologne and Hamburg\" \/>\n<meta property=\"og:description\" content=\"Job advertisement COGNOS International GmbH. Send your unsolicited application to: COGNOS International GmbH, info@cognos-international.de.\" \/>\n<meta property=\"og:url\" content=\"https:\/\/cognos-international.com\/en\/jobs\/\" \/>\n<meta property=\"og:site_name\" content=\"COGNOS International GmbH\" \/>\n<meta property=\"article:publisher\" content=\"https:\/\/www.facebook.com\/cognosint1\/\" \/>\n<meta property=\"article:modified_time\" content=\"2024-10-19T15:39:34+00:00\" \/>\n<meta property=\"og:image\" content=\"https:\/\/cognos-international.com\/wp-content\/uploads\/2024\/01\/cognos-stellenanzeige.jpg\" \/>\n\t<meta property=\"og:image:width\" content=\"1920\" \/>\n\t<meta property=\"og:image:height\" content=\"1080\" \/>\n\t<meta property=\"og:image:type\" content=\"image\/jpeg\" \/>\n<meta name=\"twitter:card\" content=\"summary_large_image\" \/>\n<meta name=\"twitter:site\" content=\"@cognosinternat1\" \/>\n<meta name=\"twitter:label1\" content=\"Est. reading time\" \/>\n\t<meta name=\"twitter:data1\" content=\"1 minute\" \/>\n<script type=\"application\/ld+json\" class=\"yoast-schema-graph\">{\"@context\":\"https:\\\/\\\/schema.org\",\"@graph\":[{\"@type\":\"WebPage\",\"@id\":\"https:\\\/\\\/cognos-international.com\\\/en\\\/jobs\\\/\",\"url\":\"https:\\\/\\\/cognos-international.com\\\/en\\\/jobs\\\/\",\"name\":\"Jobs | COGNOS International GmbH, Cologne and Hamburg\",\"isPartOf\":{\"@id\":\"https:\\\/\\\/cognos-international.com\\\/#website\"},\"primaryImageOfPage\":{\"@id\":\"https:\\\/\\\/cognos-international.com\\\/en\\\/jobs\\\/#primaryimage\"},\"image\":{\"@id\":\"https:\\\/\\\/cognos-international.com\\\/en\\\/jobs\\\/#primaryimage\"},\"thumbnailUrl\":\"https:\\\/\\\/cognos-international.com\\\/wp-content\\\/uploads\\\/2024\\\/01\\\/cognos-stellenanzeige.jpg\",\"datePublished\":\"2024-01-25T07:53:22+00:00\",\"dateModified\":\"2024-10-19T15:39:34+00:00\",\"description\":\"Job advertisement COGNOS International GmbH. Send your unsolicited application to: COGNOS International GmbH, info@cognos-international.de.\",\"breadcrumb\":{\"@id\":\"https:\\\/\\\/cognos-international.com\\\/en\\\/jobs\\\/#breadcrumb\"},\"inLanguage\":\"en-US\",\"potentialAction\":[{\"@type\":\"ReadAction\",\"target\":[\"https:\\\/\\\/cognos-international.com\\\/en\\\/jobs\\\/\"]}]},{\"@type\":\"ImageObject\",\"inLanguage\":\"en-US\",\"@id\":\"https:\\\/\\\/cognos-international.com\\\/en\\\/jobs\\\/#primaryimage\",\"url\":\"https:\\\/\\\/cognos-international.com\\\/wp-content\\\/uploads\\\/2024\\\/01\\\/cognos-stellenanzeige.jpg\",\"contentUrl\":\"https:\\\/\\\/cognos-international.com\\\/wp-content\\\/uploads\\\/2024\\\/01\\\/cognos-stellenanzeige.jpg\",\"width\":1920,\"height\":1080,\"caption\":\"COGNOS International, Stellenanzeige\"},{\"@type\":\"BreadcrumbList\",\"@id\":\"https:\\\/\\\/cognos-international.com\\\/en\\\/jobs\\\/#breadcrumb\",\"itemListElement\":[{\"@type\":\"ListItem\",\"position\":1,\"name\":\"Startseite\",\"item\":\"https:\\\/\\\/cognos-international.com\\\/\"},{\"@type\":\"ListItem\",\"position\":2,\"name\":\"Jobs\"}]},{\"@type\":\"WebSite\",\"@id\":\"https:\\\/\\\/cognos-international.com\\\/#website\",\"url\":\"https:\\\/\\\/cognos-international.com\\\/\",\"name\":\"COGNOS International GmbH\",\"description\":\"Die COGNOS International ist Teil der COGNOS AG \u2013 eines der gr\u00f6\u00dften privaten und unabh\u00e4ngigen Bildungsunternehmen in Deutschland.\",\"publisher\":{\"@id\":\"https:\\\/\\\/cognos-international.com\\\/#organization\"},\"alternateName\":\"COGNOS International GmbH\",\"potentialAction\":[{\"@type\":\"SearchAction\",\"target\":{\"@type\":\"EntryPoint\",\"urlTemplate\":\"https:\\\/\\\/cognos-international.com\\\/?s={search_term_string}\"},\"query-input\":{\"@type\":\"PropertyValueSpecification\",\"valueRequired\":true,\"valueName\":\"search_term_string\"}}],\"inLanguage\":\"en-US\"},{\"@type\":\"Organization\",\"@id\":\"https:\\\/\\\/cognos-international.com\\\/#organization\",\"name\":\"COGNOS International GmbH\",\"alternateName\":\"COGNOS International GmbH\",\"url\":\"https:\\\/\\\/cognos-international.com\\\/\",\"logo\":{\"@type\":\"ImageObject\",\"inLanguage\":\"en-US\",\"@id\":\"https:\\\/\\\/cognos-international.com\\\/#\\\/schema\\\/logo\\\/image\\\/\",\"url\":\"https:\\\/\\\/cognos-international.com\\\/wp-content\\\/uploads\\\/2021\\\/11\\\/cropped-cognos-512.png\",\"contentUrl\":\"https:\\\/\\\/cognos-international.com\\\/wp-content\\\/uploads\\\/2021\\\/11\\\/cropped-cognos-512.png\",\"width\":512,\"height\":512,\"caption\":\"COGNOS International GmbH\"},\"image\":{\"@id\":\"https:\\\/\\\/cognos-international.com\\\/#\\\/schema\\\/logo\\\/image\\\/\"},\"sameAs\":[\"https:\\\/\\\/www.facebook.com\\\/cognosint1\\\/\",\"https:\\\/\\\/x.com\\\/cognosinternat1\",\"https:\\\/\\\/www.instagram.com\\\/cognos_international\\\/\",\"https:\\\/\\\/www.linkedin.com\\\/company\\\/cognos-international-gmbh\"]}]}<\/script>\n<!-- \/ Yoast SEO plugin. -->","yoast_head_json":{"title":"Jobs | COGNOS International GmbH, Cologne and Hamburg","description":"Job advertisement COGNOS International GmbH. Send your unsolicited application to: COGNOS International GmbH, info@cognos-international.de.","robots":{"index":"index","follow":"follow","max-snippet":"max-snippet:-1","max-image-preview":"max-image-preview:large","max-video-preview":"max-video-preview:-1"},"canonical":"https:\/\/cognos-international.com\/en\/jobs\/","og_locale":"en_US","og_type":"article","og_title":"Jobs | COGNOS International GmbH, Cologne and Hamburg","og_description":"Job advertisement COGNOS International GmbH. Send your unsolicited application to: COGNOS International GmbH, info@cognos-international.de.","og_url":"https:\/\/cognos-international.com\/en\/jobs\/","og_site_name":"COGNOS International GmbH","article_publisher":"https:\/\/www.facebook.com\/cognosint1\/","article_modified_time":"2024-10-19T15:39:34+00:00","og_image":[{"width":1920,"height":1080,"url":"https:\/\/cognos-international.com\/wp-content\/uploads\/2024\/01\/cognos-stellenanzeige.jpg","type":"image\/jpeg"}],"twitter_card":"summary_large_image","twitter_site":"@cognosinternat1","twitter_misc":{"Est. reading time":"1 minute"},"schema":{"@context":"https:\/\/schema.org","@graph":[{"@type":"WebPage","@id":"https:\/\/cognos-international.com\/en\/jobs\/","url":"https:\/\/cognos-international.com\/en\/jobs\/","name":"Jobs | COGNOS International GmbH, Cologne and Hamburg","isPartOf":{"@id":"https:\/\/cognos-international.com\/#website"},"primaryImageOfPage":{"@id":"https:\/\/cognos-international.com\/en\/jobs\/#primaryimage"},"image":{"@id":"https:\/\/cognos-international.com\/en\/jobs\/#primaryimage"},"thumbnailUrl":"https:\/\/cognos-international.com\/wp-content\/uploads\/2024\/01\/cognos-stellenanzeige.jpg","datePublished":"2024-01-25T07:53:22+00:00","dateModified":"2024-10-19T15:39:34+00:00","description":"Job advertisement COGNOS International GmbH. Send your unsolicited application to: COGNOS International GmbH, info@cognos-international.de.","breadcrumb":{"@id":"https:\/\/cognos-international.com\/en\/jobs\/#breadcrumb"},"inLanguage":"en-US","potentialAction":[{"@type":"ReadAction","target":["https:\/\/cognos-international.com\/en\/jobs\/"]}]},{"@type":"ImageObject","inLanguage":"en-US","@id":"https:\/\/cognos-international.com\/en\/jobs\/#primaryimage","url":"https:\/\/cognos-international.com\/wp-content\/uploads\/2024\/01\/cognos-stellenanzeige.jpg","contentUrl":"https:\/\/cognos-international.com\/wp-content\/uploads\/2024\/01\/cognos-stellenanzeige.jpg","width":1920,"height":1080,"caption":"COGNOS International, Stellenanzeige"},{"@type":"BreadcrumbList","@id":"https:\/\/cognos-international.com\/en\/jobs\/#breadcrumb","itemListElement":[{"@type":"ListItem","position":1,"name":"Startseite","item":"https:\/\/cognos-international.com\/"},{"@type":"ListItem","position":2,"name":"Jobs"}]},{"@type":"WebSite","@id":"https:\/\/cognos-international.com\/#website","url":"https:\/\/cognos-international.com\/","name":"COGNOS International GmbH","description":"Die COGNOS International ist Teil der COGNOS AG \u2013 eines der gr\u00f6\u00dften privaten und unabh\u00e4ngigen Bildungsunternehmen in Deutschland.","publisher":{"@id":"https:\/\/cognos-international.com\/#organization"},"alternateName":"COGNOS International GmbH","potentialAction":[{"@type":"SearchAction","target":{"@type":"EntryPoint","urlTemplate":"https:\/\/cognos-international.com\/?s={search_term_string}"},"query-input":{"@type":"PropertyValueSpecification","valueRequired":true,"valueName":"search_term_string"}}],"inLanguage":"en-US"},{"@type":"Organization","@id":"https:\/\/cognos-international.com\/#organization","name":"COGNOS International GmbH","alternateName":"COGNOS International GmbH","url":"https:\/\/cognos-international.com\/","logo":{"@type":"ImageObject","inLanguage":"en-US","@id":"https:\/\/cognos-international.com\/#\/schema\/logo\/image\/","url":"https:\/\/cognos-international.com\/wp-content\/uploads\/2021\/11\/cropped-cognos-512.png","contentUrl":"https:\/\/cognos-international.com\/wp-content\/uploads\/2021\/11\/cropped-cognos-512.png","width":512,"height":512,"caption":"COGNOS International GmbH"},"image":{"@id":"https:\/\/cognos-international.com\/#\/schema\/logo\/image\/"},"sameAs":["https:\/\/www.facebook.com\/cognosint1\/","https:\/\/x.com\/cognosinternat1","https:\/\/www.instagram.com\/cognos_international\/","https:\/\/www.linkedin.com\/company\/cognos-international-gmbh"]}]}},"_links":{"self":[{"href":"https:\/\/cognos-international.com\/en\/wp-json\/wp\/v2\/pages\/25472","targetHints":{"allow":["GET"]}}],"collection":[{"href":"https:\/\/cognos-international.com\/en\/wp-json\/wp\/v2\/pages"}],"about":[{"href":"https:\/\/cognos-international.com\/en\/wp-json\/wp\/v2\/types\/page"}],"author":[{"embeddable":true,"href":"https:\/\/cognos-international.com\/en\/wp-json\/wp\/v2\/users\/1"}],"replies":[{"embeddable":true,"href":"https:\/\/cognos-international.com\/en\/wp-json\/wp\/v2\/comments?post=25472"}],"version-history":[{"count":0,"href":"https:\/\/cognos-international.com\/en\/wp-json\/wp\/v2\/pages\/25472\/revisions"}],"wp:featuredmedia":[{"embeddable":true,"href":"https:\/\/cognos-international.com\/en\/wp-json\/wp\/v2\/media\/20395"}],"wp:attachment":[{"href":"https:\/\/cognos-international.com\/en\/wp-json\/wp\/v2\/media?parent=25472"}],"curies":[{"name":"wp","href":"https:\/\/api.w.org\/{rel}","templated":true}]}}